{"id":583,"date":"2025-10-15T09:54:56","date_gmt":"2025-10-15T12:54:56","guid":{"rendered":"https:\/\/www.worldgrapplingacademy.com.br\/store\/?page_id=583"},"modified":"2025-10-15T09:54:56","modified_gmt":"2025-10-15T12:54:56","slug":"quem-somos","status":"publish","type":"page","link":"https:\/\/www.worldgrapplingacademy.com.br\/store\/quem-somos\/","title":{"rendered":"Quem Somos"},"content":{"rendered":"<p><b>Quem Somos<\/b><\/p>\n<p><span style=\"font-weight: 400;\">Na WGA &#8211; World Grappling Academy, somos mais do que uma loja: somos um movimento dedicado a transformar vidas atrav\u00e9s do esporte. Acreditamos no poder do Grappling (modalidades de luta agarrada) como uma ferramenta para o desenvolvimento f\u00edsico, mental e social.<\/span><\/p>\n<p><b>Nossa Miss\u00e3o<\/b><\/p>\n<p><span style=\"font-weight: 400;\">Nossa miss\u00e3o \u00e9 clara e inspiradora: disseminar e ensinar o Grappling de forma inclusiva, alcan\u00e7ando crian\u00e7as, adultos, idosos e pessoas com defici\u00eancia. Queremos que todos tenham acesso aos benef\u00edcios que essa modalidade proporciona, desde a disciplina at\u00e9 a autoconfian\u00e7a.<\/span><\/p>\n<p><b>O Que Nos Move<\/b><\/p>\n<p><span style=\"font-weight: 400;\">Em nosso e-commerce, voc\u00ea encontra tudo de que precisa para a sua jornada: acess\u00f3rios, vestu\u00e1rio, suplementos e artigos esportivos de alta qualidade. Cada item \u00e9 selecionado pensando no seu desempenho e seguran\u00e7a.<\/span><\/p>\n<p><b>Nossos Valores<\/b><\/p>\n<p><span style=\"font-weight: 400;\">Nossa comunidade \u00e9 constru\u00edda sobre pilares s\u00f3lidos. Guiamos todas as nossas a\u00e7\u00f5es pelos valores de Respeito e Cortesia, essenciais para um ambiente de aprendizado positivo. Priorizamos a Seguran\u00e7a e a Organiza\u00e7\u00e3o em nossos produtos e processos, e buscamos a Efici\u00eancia para garantir que voc\u00ea tenha a melhor experi\u00eancia poss\u00edvel.<\/span><\/p>\n<p><b>Junte-se \u00e0 WGA<\/b><\/p>\n<p><span style=\"font-weight: 400;\">Seja voc\u00ea um atleta experiente ou algu\u00e9m que est\u00e1 dando os primeiros passos, a WGA \u00e9 o seu lugar.<\/span><\/p>\n<p><span style=\"font-weight: 400;\">Convidamos voc\u00ea a fazer parte da nossa comunidade transformadora de vidas. Explore nossos produtos e comece a escrever a sua hist\u00f3ria de supera\u00e7\u00e3o e sucesso. O Grappling muda vidas, e estamos aqui para te equipar para essa jornada!<\/span><\/p>\n<p>&nbsp;<\/p>\n<p><span style=\"font-weight: 400;\">Comece a sua transforma\u00e7\u00e3o hoje!<\/span><\/p>\n","protected":false},"excerpt":{"rendered":"<p>Quem Somos Na WGA &#8211; World Grappling Academy, somos mais do que uma loja: somos um movimento dedicado a transformar vidas atrav\u00e9s do esporte. Acreditamos no poder do Grappling (modalidades de luta agarrada) como uma ferramenta para o desenvolvimento f\u00edsico, mental e social. Nossa Miss\u00e3o Nossa miss\u00e3o \u00e9 clara e inspiradora: disseminar e ensinar o [&hellip;]<\/p>\n","protected":false},"author":1,"featured_media":0,"parent":0,"menu_order":0,"comment_status":"closed","ping_status":"closed","template":"","meta":{"inline_featured_image":false,"footnotes":""},"class_list":["post-583","page","type-page","status-publish","hentry"],"_links":{"self":[{"href":"https:\/\/www.worldgrapplingacademy.com.br\/store\/wp-json\/wp\/v2\/pages\/583","targetHints":{"allow":["GET"]}}],"collection":[{"href":"https:\/\/www.worldgrapplingacademy.com.br\/store\/wp-json\/wp\/v2\/pages"}],"about":[{"href":"https:\/\/www.worldgrapplingacademy.com.br\/store\/wp-json\/wp\/v2\/types\/page"}],"author":[{"embeddable":true,"href":"https:\/\/www.worldgrapplingacademy.com.br\/store\/wp-json\/wp\/v2\/users\/1"}],"replies":[{"embeddable":true,"href":"https:\/\/www.worldgrapplingacademy.com.br\/store\/wp-json\/wp\/v2\/comments?post=583"}],"version-history":[{"count":1,"href":"https:\/\/www.worldgrapplingacademy.com.br\/store\/wp-json\/wp\/v2\/pages\/583\/revisions"}],"predecessor-version":[{"id":584,"href":"https:\/\/www.worldgrapplingacademy.com.br\/store\/wp-json\/wp\/v2\/pages\/583\/revisions\/584"}],"wp:attachment":[{"href":"https:\/\/www.worldgrapplingacademy.com.br\/store\/wp-json\/wp\/v2\/media?parent=583"}],"curies":[{"name":"wp","href":"https:\/\/api.w.org\/{rel}","templated":true}]}}