{"id":505,"date":"2025-10-01T20:53:08","date_gmt":"2025-10-01T23:53:08","guid":{"rendered":"https:\/\/www.worldgrapplingacademy.com.br\/store\/?post_type=product&#038;p=505"},"modified":"2026-03-28T15:50:11","modified_gmt":"2026-03-28T18:50:11","slug":"pre-workout-wga-limao-300g","status":"publish","type":"product","link":"https:\/\/www.worldgrapplingacademy.com.br\/store\/product\/pre-workout-wga-limao-300g\/","title":{"rendered":"PR\u00c9 TREINO WGA &#8211; SABOR LIM\u00c3O- 300g"},"content":{"rendered":"<p>O PR\u00c9 TREINO WGA foi meticulosamente balanceado para oferecer um boost de energia limpa, sem o desconforto e os picos indesejados. \u00c9 a ci\u00eancia a servi\u00e7o da sua determina\u00e7\u00e3o, com a refresc\u00e2ncia eletrizante do Lim\u00e3o.<\/p>\n<p>Sinta a diferen\u00e7a que o PR\u00c9-TREINO WGA proporciona:<\/p>\n<p>\u2022 Foco, lazer e concentra\u00e7\u00e3o: v\u00e1 al\u00e9m da for\u00e7a f\u00edsica. Nossa f\u00f3rmula aprimorada agu\u00e7a sua mente, garantindo que cada repeti\u00e7\u00e3o e cada movimento seja executado com precis\u00e3o e inten\u00e7\u00e3o.<br \/>\n\u2022 Energia explosiva e duradoura: acabe com a fadiga. Garanta uma fonte de energia consistente que acompanha voc\u00ea do aquecimento ao \u00faltimo alongamento, promovendo treinos mais longos e intensos.<br \/>\n\u2022 Qualidade WGA comprovada: livre de aditivos desnecess\u00e1rios e a\u00e7\u00facares. Voc\u00ea consome apenas o que seu corpo precisa para ter o melhor desempenho, respeitando seu objetivo de cuidado com a sa\u00fade.<br \/>\n\u2022 Sabor revigorante de lim\u00e3o: desfrute de um sabor premium e refrescante que prepara seu paladar para a intensidade do treino. Um ritual delicioso para iniciar sua jornada de supera\u00e7\u00e3o.<br \/>\n\u2022 Supera\u00e7\u00e3o elevada: este \u00e9 o seu parceiro silencioso, ajudando voc\u00ea a quebrar plat\u00f4s e a alcan\u00e7ar metas que antes pareciam inating\u00edveis.<\/p>\n<p>CARACTER\u00cdSTICAS T\u00c9CNICAS<br \/>\nSabor: Lim\u00e3o<br \/>\nCor: Branca<br \/>\nSKU: SUP-PRET-LIM-300-003<br \/>\nPeso: 400g<br \/>\nDimens\u00f5es: 10 x 10 x 12,5CM<br \/>\nFabricante: ENKAPS PRODUTOS NATURAIS LTDA<br \/>\nDistribuidor:\u00a0A. SHMEIL &#038; A. DE P. GUARDA LTDA<\/p>\n","protected":false},"excerpt":{"rendered":"<p>O PR\u00c9 TREINO WGA \u00e9 a igni\u00e7\u00e3o que transforma a inten\u00e7\u00e3o em a\u00e7\u00e3o poderosa. Desenvolvido com uma f\u00f3rmula premium e pura, ele entrega o punch necess\u00e1rio para superar seus limites, mantendo o foco e a disposi\u00e7\u00e3o de uma marca que zela\u00a0pela\u00a0sua\u00a0sa\u00fade.<\/p>\n<p>Cart\u00e3o R$65,00 (at\u00e9 3X sem juros)<br \/>\nPix    R$60,00 (at\u00e9 10% de desconto)<\/p>\n","protected":false},"featured_media":646,"comment_status":"open","ping_status":"closed","template":"","meta":{"inline_featured_image":false},"product_brand":[32],"product_cat":[48],"product_tag":[57,55,56,58],"class_list":{"0":"post-505","1":"product","2":"type-product","3":"status-publish","4":"has-post-thumbnail","6":"product_brand-wga","7":"product_cat-suplementos","8":"product_tag-betalanina","9":"product_tag-preworkout","10":"product_tag-suplemento","11":"product_tag-taurina","13":"first","14":"instock","15":"taxable","16":"shipping-taxable","17":"purchasable","18":"product-type-simple"},"_links":{"self":[{"href":"https:\/\/www.worldgrapplingacademy.com.br\/store\/wp-json\/wp\/v2\/product\/505","targetHints":{"allow":["GET"]}}],"collection":[{"href":"https:\/\/www.worldgrapplingacademy.com.br\/store\/wp-json\/wp\/v2\/product"}],"about":[{"href":"https:\/\/www.worldgrapplingacademy.com.br\/store\/wp-json\/wp\/v2\/types\/product"}],"replies":[{"embeddable":true,"href":"https:\/\/www.worldgrapplingacademy.com.br\/store\/wp-json\/wp\/v2\/comments?post=505"}],"wp:featuredmedia":[{"embeddable":true,"href":"https:\/\/www.worldgrapplingacademy.com.br\/store\/wp-json\/wp\/v2\/media\/646"}],"wp:attachment":[{"href":"https:\/\/www.worldgrapplingacademy.com.br\/store\/wp-json\/wp\/v2\/media?parent=505"}],"wp:term":[{"taxonomy":"product_brand","embeddable":true,"href":"https:\/\/www.worldgrapplingacademy.com.br\/store\/wp-json\/wp\/v2\/product_brand?post=505"},{"taxonomy":"product_cat","embeddable":true,"href":"https:\/\/www.worldgrapplingacademy.com.br\/store\/wp-json\/wp\/v2\/product_cat?post=505"},{"taxonomy":"product_tag","embeddable":true,"href":"https:\/\/www.worldgrapplingacademy.com.br\/store\/wp-json\/wp\/v2\/product_tag?post=505"}],"curies":[{"name":"wp","href":"https:\/\/api.w.org\/{rel}","templated":true}]}}